{"id":9389,"date":"2019-01-07T16:00:24","date_gmt":"2019-01-07T15:00:24","guid":{"rendered":"http:\/\/www.makte.it\/?page_id=9389"},"modified":"2024-03-19T12:12:45","modified_gmt":"2024-03-19T11:12:45","slug":"makte-catania","status":"publish","type":"page","link":"https:\/\/www.makte.it\/it\/makte-points\/makte-catania\/","title":{"rendered":"MAKTE CATANIA"},"content":{"rendered":"<p>Agen\u2019team srl nasce a a Catania nel 1993 ed opera in tutto il territorio siciliano. La sua mission consiste nel creare un collegamento tra il mondo della produzioni industriale di superfici per l&#8217;arredo e quello della distribuzione locale. L&#8217;azienda catanese \u00e8 particolarmente specializzata nell&#8217;offrire soluzioni per pavimenti, linee top gamma per bagni e cucine in compact stratificato e policarbonati.<\/p>\n<h4>L\u2019unione fra<a href=\"https:\/\/www.facebook.com\/agenteamsrl\/\"> Agen\u2019Team,<\/a> presente sul mercato dal 1992 e Makte, ha dato vita a Makte Catania.<\/h4>\n<p>Presso lo showroom, troverai una materioteca ricca di materiali, superfici e prodotti d&#8217;eccellenza per essere applicati a qualsiasi ambiente interno ed esterno di design.<\/p>\n<p><strong>Makte Catania \u00e8 il riferimento per architetti e designer<\/strong> che intendono ristrutturare, rimodernare mobili, progettare ambientazioni interne ed esterne, coordinare progetti edili.<\/p>\n<p>L&#8217;azienda siciliana \u00e8 un\u2019opportunit\u00e0 unica <strong>per tutti i professionisti e i privati nel settore dell&#8217;architettura, del design e dell&#8217;arredo<\/strong>.<\/p>\n<p>Un\u2019opportunit\u00e0 che non si limita solo alla vendita del materiale di qualit\u00e0, ad un ottimo prezzo e in pronta consegna, ma \u00e8 altres\u00ec un\u2019occasione di formazione professionale grazie al format <a href=\"http:\/\/www.makte.it\/it\/academy\/\">Makte Academy<\/a>.<\/p>\n<p>Il catalogo prodotti, che puoi consultare cliccando qui <a href=\"http:\/\/www.makte.it\/it\/catalogo\/\">Materioteca<\/a>, annovera <strong>migliaia di superfici per l&#8217;arredo<\/strong>, di cui una grandissima parte in magazzino e in pronta consegna.<\/p>\n<p>Tutto ci\u00f2 che rimane fuori magazzino, grazie alla <strong>logistica<\/strong> di Makte HeadQuarter che coordina <a href=\"http:\/\/www.makte.it\/it\/makte-points\/\">tutti i Makte Points<\/a>, potr\u00e0 essere disponibile <strong>in tempi <\/strong>altrettanto<strong> rapidi e puntuali<\/strong>.<\/p>\n","protected":false},"excerpt":{"rendered":"<p>Agen\u2019team srl nasce a a Catania nel 1993 ed opera in tutto il territorio siciliano. La sua mission consiste nel creare un collegamento tra il mondo della produzioni industriale di superfici per l&#8217;arredo e quello della distribuzione locale. L&#8217;azienda catanese \u00e8 particolarmente specializzata nell&#8217;offrire soluzioni per pavimenti, linee top gamma per bagni e cucine in [&#8230;]<\/p>\n<p><a class=\"btn btn-secondary understrap-read-more-link\" href=\"https:\/\/www.makte.it\/it\/makte-points\/makte-catania\/\">Leggi di pi\u00f9&#8230;<span class=\"screen-reader-text\"> from MAKTE CATANIA<\/span><\/a><\/p>\n","protected":false},"author":1,"featured_media":0,"parent":73,"menu_order":0,"comment_status":"closed","ping_status":"closed","template":"page-point_detail.php","meta":{"_acf_changed":false,"footnotes":""},"class_list":["post-9389","page","type-page","status-publish","hentry"],"acf":[],"yoast_head":"<!-- This site is optimized with the Yoast SEO plugin v27.5 - https:\/\/yoast.com\/product\/yoast-seo-wordpress\/ -->\n<title>MAKTE CATANIA | Makte arriva in Sicilia- Makte Point | Makte<\/title>\n<meta name=\"description\" content=\"Makte arriva a Catania! Opera in tutta la Sicilia ed \u00e8 specializzata nella realizzazione di pavimenti, linee top gamma per bagni e cucine\" \/>\n<meta name=\"robots\" content=\"index, follow, max-snippet:-1, max-image-preview:large, max-video-preview:-1\" \/>\n<link rel=\"canonical\" href=\"https:\/\/www.makte.it\/it\/makte-points\/makte-catania\/\" \/>\n<meta property=\"og:locale\" content=\"it_IT\" \/>\n<meta property=\"og:type\" content=\"article\" \/>\n<meta property=\"og:title\" content=\"MAKTE CATANIA | Makte arriva in Sicilia- Makte Point | Makte\" \/>\n<meta property=\"og:description\" content=\"Makte arriva a Catania! Opera in tutta la Sicilia ed \u00e8 specializzata nella realizzazione di pavimenti, linee top gamma per bagni e cucine\" \/>\n<meta property=\"og:url\" content=\"https:\/\/www.makte.it\/it\/makte-points\/makte-catania\/\" \/>\n<meta property=\"og:site_name\" content=\"Makte\" \/>\n<meta property=\"article:modified_time\" content=\"2024-03-19T11:12:45+00:00\" \/>\n<meta property=\"og:image\" content=\"https:\/\/www.makte.it\/wp-content\/uploads\/2019\/01\/Photo-2-109_agata_pp.jpg\" \/>\n\t<meta property=\"og:image:width\" content=\"1200\" \/>\n\t<meta property=\"og:image:height\" content=\"642\" \/>\n\t<meta property=\"og:image:type\" content=\"image\/jpeg\" \/>\n<meta name=\"twitter:card\" content=\"summary_large_image\" \/>\n<meta name=\"twitter:label1\" content=\"Tempo di lettura stimato\" \/>\n\t<meta name=\"twitter:data1\" content=\"2 minuti\" \/>\n<script type=\"application\/ld+json\" class=\"yoast-schema-graph\">{\"@context\":\"https:\\\/\\\/schema.org\",\"@graph\":[{\"@type\":\"WebPage\",\"@id\":\"https:\\\/\\\/www.makte.it\\\/it\\\/makte-points\\\/makte-catania\\\/\",\"url\":\"https:\\\/\\\/www.makte.it\\\/it\\\/makte-points\\\/makte-catania\\\/\",\"name\":\"MAKTE CATANIA | Makte arriva in Sicilia- Makte Point | Makte\",\"isPartOf\":{\"@id\":\"https:\\\/\\\/www.makte.it\\\/it\\\/#website\"},\"datePublished\":\"2019-01-07T15:00:24+00:00\",\"dateModified\":\"2024-03-19T11:12:45+00:00\",\"description\":\"Makte arriva a Catania! Opera in tutta la Sicilia ed \u00e8 specializzata nella realizzazione di pavimenti, linee top gamma per bagni e cucine\",\"breadcrumb\":{\"@id\":\"https:\\\/\\\/www.makte.it\\\/it\\\/makte-points\\\/makte-catania\\\/#breadcrumb\"},\"inLanguage\":\"it-IT\",\"potentialAction\":[{\"@type\":\"ReadAction\",\"target\":[\"https:\\\/\\\/www.makte.it\\\/it\\\/makte-points\\\/makte-catania\\\/\"]}]},{\"@type\":\"BreadcrumbList\",\"@id\":\"https:\\\/\\\/www.makte.it\\\/it\\\/makte-points\\\/makte-catania\\\/#breadcrumb\",\"itemListElement\":[{\"@type\":\"ListItem\",\"position\":1,\"name\":\"Home\",\"item\":\"https:\\\/\\\/www.makte.it\\\/it\\\/\"},{\"@type\":\"ListItem\",\"position\":2,\"name\":\"Makte points\",\"item\":\"https:\\\/\\\/www.makte.it\\\/it\\\/makte-points\\\/\"},{\"@type\":\"ListItem\",\"position\":3,\"name\":\"MAKTE CATANIA\"}]},{\"@type\":\"WebSite\",\"@id\":\"https:\\\/\\\/www.makte.it\\\/it\\\/#website\",\"url\":\"https:\\\/\\\/www.makte.it\\\/it\\\/\",\"name\":\"Makte\",\"description\":\"\",\"potentialAction\":[{\"@type\":\"SearchAction\",\"target\":{\"@type\":\"EntryPoint\",\"urlTemplate\":\"https:\\\/\\\/www.makte.it\\\/it\\\/?s={search_term_string}\"},\"query-input\":{\"@type\":\"PropertyValueSpecification\",\"valueRequired\":true,\"valueName\":\"search_term_string\"}}],\"inLanguage\":\"it-IT\"}]}<\/script>\n<!-- \/ Yoast SEO plugin. -->","yoast_head_json":{"title":"MAKTE CATANIA | Makte arriva in Sicilia- Makte Point | Makte","description":"Makte arriva a Catania! Opera in tutta la Sicilia ed \u00e8 specializzata nella realizzazione di pavimenti, linee top gamma per bagni e cucine","robots":{"index":"index","follow":"follow","max-snippet":"max-snippet:-1","max-image-preview":"max-image-preview:large","max-video-preview":"max-video-preview:-1"},"canonical":"https:\/\/www.makte.it\/it\/makte-points\/makte-catania\/","og_locale":"it_IT","og_type":"article","og_title":"MAKTE CATANIA | Makte arriva in Sicilia- Makte Point | Makte","og_description":"Makte arriva a Catania! Opera in tutta la Sicilia ed \u00e8 specializzata nella realizzazione di pavimenti, linee top gamma per bagni e cucine","og_url":"https:\/\/www.makte.it\/it\/makte-points\/makte-catania\/","og_site_name":"Makte","article_modified_time":"2024-03-19T11:12:45+00:00","og_image":[{"width":1200,"height":642,"url":"https:\/\/www.makte.it\/wp-content\/uploads\/2019\/01\/Photo-2-109_agata_pp.jpg","type":"image\/jpeg"}],"twitter_card":"summary_large_image","twitter_misc":{"Tempo di lettura stimato":"2 minuti"},"schema":{"@context":"https:\/\/schema.org","@graph":[{"@type":"WebPage","@id":"https:\/\/www.makte.it\/it\/makte-points\/makte-catania\/","url":"https:\/\/www.makte.it\/it\/makte-points\/makte-catania\/","name":"MAKTE CATANIA | Makte arriva in Sicilia- Makte Point | Makte","isPartOf":{"@id":"https:\/\/www.makte.it\/it\/#website"},"datePublished":"2019-01-07T15:00:24+00:00","dateModified":"2024-03-19T11:12:45+00:00","description":"Makte arriva a Catania! Opera in tutta la Sicilia ed \u00e8 specializzata nella realizzazione di pavimenti, linee top gamma per bagni e cucine","breadcrumb":{"@id":"https:\/\/www.makte.it\/it\/makte-points\/makte-catania\/#breadcrumb"},"inLanguage":"it-IT","potentialAction":[{"@type":"ReadAction","target":["https:\/\/www.makte.it\/it\/makte-points\/makte-catania\/"]}]},{"@type":"BreadcrumbList","@id":"https:\/\/www.makte.it\/it\/makte-points\/makte-catania\/#breadcrumb","itemListElement":[{"@type":"ListItem","position":1,"name":"Home","item":"https:\/\/www.makte.it\/it\/"},{"@type":"ListItem","position":2,"name":"Makte points","item":"https:\/\/www.makte.it\/it\/makte-points\/"},{"@type":"ListItem","position":3,"name":"MAKTE CATANIA"}]},{"@type":"WebSite","@id":"https:\/\/www.makte.it\/it\/#website","url":"https:\/\/www.makte.it\/it\/","name":"Makte","description":"","potentialAction":[{"@type":"SearchAction","target":{"@type":"EntryPoint","urlTemplate":"https:\/\/www.makte.it\/it\/?s={search_term_string}"},"query-input":{"@type":"PropertyValueSpecification","valueRequired":true,"valueName":"search_term_string"}}],"inLanguage":"it-IT"}]}},"_links":{"self":[{"href":"https:\/\/www.makte.it\/it\/wp-json\/wp\/v2\/pages\/9389","targetHints":{"allow":["GET"]}}],"collection":[{"href":"https:\/\/www.makte.it\/it\/wp-json\/wp\/v2\/pages"}],"about":[{"href":"https:\/\/www.makte.it\/it\/wp-json\/wp\/v2\/types\/page"}],"author":[{"embeddable":true,"href":"https:\/\/www.makte.it\/it\/wp-json\/wp\/v2\/users\/1"}],"replies":[{"embeddable":true,"href":"https:\/\/www.makte.it\/it\/wp-json\/wp\/v2\/comments?post=9389"}],"version-history":[{"count":0,"href":"https:\/\/www.makte.it\/it\/wp-json\/wp\/v2\/pages\/9389\/revisions"}],"up":[{"embeddable":true,"href":"https:\/\/www.makte.it\/it\/wp-json\/wp\/v2\/pages\/73"}],"wp:attachment":[{"href":"https:\/\/www.makte.it\/it\/wp-json\/wp\/v2\/media?parent=9389"}],"curies":[{"name":"wp","href":"https:\/\/api.w.org\/{rel}","templated":true}]}}